{"id":105,"date":"2023-07-28T14:00:50","date_gmt":"2023-07-28T12:00:50","guid":{"rendered":"https:\/\/zukunft-inklusion.ch.prestage.ch\/gr\/?page_id=105"},"modified":"2023-09-22T14:46:40","modified_gmt":"2023-09-22T12:46:40","slug":"protecziun-da-datas","status":"publish","type":"page","link":"https:\/\/futur-inclusiun.prestage.ch\/gr\/protecziun-da-datas\/","title":{"rendered":"Protecziun da datas"},"content":{"rendered":"\n<h2 class=\"wp-block-heading\">En general<\/h2>\n\n\n\n<p>Las infurmaziuns qua sutvart dattan ina simpla survista da quai che capita cun Vossas datas persunalas, cura che Vus visitais nossa pagina d&#8217;internet. Las datas persunalas \u00e8n tut quellas datas, cun las qualas Vus pudais vegnir identifitgada u identifitg\u00e0 persunalmain. Cun acceder a la purschida d&#8217;infurmaziuns na vegnan da princip registradas ed arcunadas naginas datas persunalas cun l&#8217;intent d&#8217;evaluar il cumportament individual da las utilisadras e dals utilisaders.<\/p>\n\n\n\n<p>Tschertas purschidas d&#8217;infurmaziun e da transacziun pon dentant mo avair lieu, sch&#8217;i \u00e8n vegnidas communitgadas datas persunalas minimalas. Per quest fatg valan las disposiziuns respectivas davart la protecziun da datas.<\/p>\n\n\n\n<h2 class=\"wp-block-heading\">Datas betg persequitablas<\/h2>\n\n\n\n<p>L&#8217;utilisaziun da questa pagina d&#8217;internet generescha datas. Per part \u00e8n las datas necessarias per motivs tecnics, autras datas vegnan eruidas intenziunadamain per obtegnair infurmaziuns davart la moda d&#8217;utilisaziun e per pudair adattar la purschida permanentamain als basegns da las utilisadras e dals utilisaders.<\/p>\n\n\n\n<p>Tar tschertas occurrenzas, sco per exempel conferenzas da medias, purschain nus transmissiuns da video directas. Per motivs tecnics vegn il furnitur da servetschs responsabel a vesair, durant la transmissiun, las adressas IP dals apparats ch&#8217;emettan il stream. Per intents statistics vegnan las adressas IP arcunadas en furma anonima.<\/p>\n\n\n\n<h2 class=\"wp-block-heading\">Datas or da l&#8217;activitad da persecuziun<\/h2>\n\n\n\n<p>La pagina d&#8217;internet www.zukunft-inklusion.prestage.ch e las sutpaginas directas utiliseschan ina software d&#8217;analisa d&#8217;informatica (actualmain matomo.org) per obtegnair \u2013 cun agid da datas anonimas \u2013 infurmaziuns per meglierar la purschida. Questa uschenumnada persecuziun po vegnir impedida tras la regulaziun \u00abbetg persequitar\u00bb en ils navigaturs usitads. La regulaziun effectuescha ch&#8217;il chavazzin \u00abbetg persequitar\u00bb vegn transmess en il chau-pagina da la dumonda dal navigatur e che las acziuns da l&#8217;utilisadra u da l&#8217;utilisader na vegnan betg evaluadas.<\/p>\n\n\n\n<p>L&#8217;adressa IPv4 vegn scursanida per l&#8217;ultim byte ed \u00e8 pia anonima per l&#8217;arcunaziun e per l&#8217;elavuraziun.<\/p>\n\n\n\n<p>Per pudair renconuscher las visitadras ed ils visitaders che returnan pusp\u00e8, vegn \u2013 durant ina visita \u2013 (sche pussaivel) deposit\u00e0 in cookie sin il sistem da l&#8217;utilisadra u da l&#8217;utilisader. Il cookie cuntegna las suandantas datas:<\/p>\n\n\n\n<ul class=\"wp-block-list\">\n<li>ID d&#8217;utilisaziun unica generada casualmain<\/li>\n\n\n\n<li>Uras da l&#8217;emprima visita da questa ID d&#8217;utilisaziun<\/li>\n\n\n\n<li>Uras da l&#8217;ultima visita da questa ID d&#8217;utilisaziun<\/li>\n\n\n\n<li>Dumber total da las visitas da questa ID d&#8217;utilisader<\/li>\n<\/ul>\n\n\n\n<p>La ID attribuida \u00e8 casuala e na permetta betg d&#8217;identifitgar la persuna che agescha. Il cookie ha ina durada da vita da 7 dis e vegn prolung\u00e0 per 7 dis supplementars en cas da visitas durant questa perioda.<\/p>\n\n\n\n<p>A chaschun d&#8217;ina visita vegn attribuida (sche pussaivel) ina ID casuala a mintga visitadra e visitader cun agid da ses cookies da sessiun. Questa ID permetta d&#8217;attribuir a questa visitadra u a quest visitader tut las acziuns sin la pagina d&#8217;internet. Il cookie vegn stizz\u00e0 automaticamain cun serrar la fanestra dal navigatur. La regulaziun da standard, tenor la quala ils cookies da sessiun vegnan stizzads automaticamain ubain cun serrar ils tabs ubain cun serrar il navigatur, po vegnir midada manualmain u tras tschertas funcziuns da confort.<\/p>\n\n\n\n<h2 class=\"wp-block-heading\">Entrada en contact per e-mail<\/h2>\n\n\n\n<p>En cas d&#8217;ina entrada en contact sur las adressas dad e-mail che stattan a disposiziun sin nossa pagina d&#8217;internet, vegnan arcunadas las datas persunalas da l&#8217;utilisadra u da l&#8217;utilisader che vegnan transmessas cun il e-mail. En quest connex na vegnan las datas betg transmessas a terzas persunas. Las datas vegnan duvradas exclusivamain per elavurar la conversaziun.<\/p>\n\n\n\n<h2 class=\"wp-block-heading\">Newsletter<\/h2>\n\n\n\n<p>Sche Vus essas As annunziads per la newsletter cun Vossa adressa dad e-mail, arcunain ed utilisain nus Vossa adressa dad e-mail per As trametter nossa newsletter cun nossas infurmaziuns, fin che Vus visais nossa newsletter. Per nossa newsletter utilisain nus il servetsch da newsletter \u00abmailchimp\u00bb.<\/p>\n\n\n\n<p>Vus pudais visar da tut temp noss e-mail. In link per visar la newsletter \u00e8 inclus en mintga e-mail che cuntegna nossa newsletter. Vus pudais er revocar da tut temp Voss consentiment per l&#8217;utilisaziun da Vossa adressa dad e-mail en l&#8217;avegnir. Nizzegiai per quest intent las pussaivladads da contact ch&#8217;\u00e8n inditgadas sin nossa pagina d&#8217;internet.<\/p>\n\n\n\n<h2 class=\"wp-block-heading\">YouTube<\/h2>\n\n\n\n<p>Ils videos che vegnan inditgads sin nossa pagina d&#8217;internet, \u00e8n integrads via la API da YouTube. Sin nossa pagina d&#8217;internet vegn dumand\u00e0 il consentiment da las utilisadras e dals utilisaders, avant ch&#8217;i vegn etabl\u00ec ina colliaziun cun YouTube ed avant ch&#8217;il video vegn muss\u00e0.<\/p>\n\n\n\n<p><a href=\"https:\/\/www.youtube.com\/t\/terms\" target=\"_blank\" rel=\"noreferrer noopener\">Cundiziuns d&#8217;utilisaziun da YouTube<\/a><\/p>\n","protected":false},"excerpt":{"rendered":"<p>En general Las infurmaziuns qua sutvart dattan ina simpla survista da quai che capita cun Vossas datas persunalas, cura che Vus visitais nossa pagina d&#8217;internet. Las datas persunalas \u00e8n tut quellas datas, cun las qualas Vus pudais vegnir identifitgada u identifitg\u00e0 persunalmain. Cun acceder a la purschida d&#8217;infurmaziuns na vegnan da princip registradas ed arcunadas [&hellip;]<\/p>\n","protected":false},"author":1,"featured_media":0,"parent":0,"menu_order":11,"comment_status":"closed","ping_status":"closed","template":"page-templates\/privacy_page.php","meta":{"_acf_changed":false,"_genesis_hide_title":false,"_genesis_hide_breadcrumbs":false,"_genesis_hide_singular_image":false,"_genesis_hide_footer_widgets":false,"_genesis_custom_body_class":"","_genesis_custom_post_class":"","_genesis_layout":"","footnotes":""},"class_list":{"0":"post-105","1":"page","2":"type-page","3":"status-publish","5":"entry"},"acf":[],"_links":{"self":[{"href":"https:\/\/futur-inclusiun.prestage.ch\/gr\/wp-json\/wp\/v2\/pages\/105","targetHints":{"allow":["GET"]}}],"collection":[{"href":"https:\/\/futur-inclusiun.prestage.ch\/gr\/wp-json\/wp\/v2\/pages"}],"about":[{"href":"https:\/\/futur-inclusiun.prestage.ch\/gr\/wp-json\/wp\/v2\/types\/page"}],"author":[{"embeddable":true,"href":"https:\/\/futur-inclusiun.prestage.ch\/gr\/wp-json\/wp\/v2\/users\/1"}],"replies":[{"embeddable":true,"href":"https:\/\/futur-inclusiun.prestage.ch\/gr\/wp-json\/wp\/v2\/comments?post=105"}],"version-history":[{"count":3,"href":"https:\/\/futur-inclusiun.prestage.ch\/gr\/wp-json\/wp\/v2\/pages\/105\/revisions"}],"predecessor-version":[{"id":257,"href":"https:\/\/futur-inclusiun.prestage.ch\/gr\/wp-json\/wp\/v2\/pages\/105\/revisions\/257"}],"wp:attachment":[{"href":"https:\/\/futur-inclusiun.prestage.ch\/gr\/wp-json\/wp\/v2\/media?parent=105"}],"curies":[{"name":"wp","href":"https:\/\/api.w.org\/{rel}","templated":true}]}}