{"id":99,"date":"2023-07-28T14:00:37","date_gmt":"2023-07-28T12:00:37","guid":{"rendered":"https:\/\/zukunft-inklusion.ch.prestage.ch\/gr\/?page_id=99"},"modified":"2024-04-11T17:29:02","modified_gmt":"2024-04-11T15:29:02","slug":"medias","status":"publish","type":"page","link":"https:\/\/futur-inclusiun.prestage.ch\/gr\/medias\/","title":{"rendered":"Medias"},"content":{"rendered":"\n<h2 class=\"wp-block-heading\">Contribuziuns da las medias davart ils dis d&#8217;acziun<\/h2>\n\n\n\n<p>Qua chattais Vus ina glista da contribuziuns da las medias davart ils dis d&#8217;acziun Dretgs da las persunas cun impediments 2024.<\/p>\n\n\n<div role=\"list\" class=\"cst-mediapub-list cst-mediapub-list-page\" aria-live=\"polite\"><div role=\"listitem\" class=\"cst-mediapub-listitem cst-mediapub-listitem-show\" id=\"mediapub_1740\" data-index=\"1\"><h3 class=\"h5 cst-mediapub-post-title\">Annunzia per newsletter<\/h3><p>Vulais Vus abunar la newsletter &#8220;CRPD en il Grischun&#8221;? \r\nAnnunzia per e-mail: behindertenintegration@soa.gr.ch. \r\nChattai tut las expensas sur il link qua sutvart.\r\n<\/p><!--  --><a href=\"https:\/\/www.gr.ch\/RM\/instituziuns\/administraziun\/dvs\/soa\/handicap\/politica\/crpd-onu\/Seiten\/default.aspx\" target=\"_blank\" aria-label=\"Per la contribuziun da medias \u2013 Annunzia per newsletter\" class=\"more-link\">Per la contribuziun da medias<\/a><\/div><div role=\"listitem\" class=\"cst-mediapub-listitem cst-mediapub-listitem-show\" id=\"mediapub_1688\" data-index=\"2\"><h3 class=\"h5 cst-mediapub-post-title\">Inclusiun en il Grischun<\/h3><p>En il context dals dis d&#8217;acziun ha RTR (Radiotelevisiun Svizra Rumantscha) produc\u00ec contribuziuns remartgablas davart il tema integraziun en il Grischun per persunas cun impediments.<\/p><!--  --><a href=\"https:\/\/www.rtr.ch\/cultura\/inclusiun?srg_shorturl_source=inclusiun\" target=\"_blank\" aria-label=\"Per la contribuziun da medias \u2013 Inclusiun en il Grischun\" class=\"more-link\">Per la contribuziun da medias<\/a><\/div><div role=\"listitem\" class=\"cst-mediapub-listitem cst-mediapub-listitem-show\" id=\"mediapub_1664\" data-index=\"3\"><h3 class=\"h5 cst-mediapub-post-title\">Z\u00e4mma Schaffemers, matg 2024<\/h3><p>Il stupent video musical \u00e8 vegn\u00ec cre\u00e0 en collavuraziun da da las cussegliadras da l\u2019Uffizi da l\u2019AI dal Grischun e d&#8217;emprendists sco er da persunas d&#8217;instrucziun da la scola professiunala PrA.<\/p><!--  --><a href=\"https:\/\/m.youtube.com\/watch?v=DjiogxCQVnk&amp;pp=ygUOR3JlY28gZmVhdCBTVkE%3D\" target=\"_blank\" aria-label=\"Per la contribuziun da medias \u2013 Z\u00e4mma Schaffemers, matg 2024\" class=\"more-link\">Per la contribuziun da medias<\/a><\/div><div role=\"listitem\" class=\"cst-mediapub-listitem cst-mediapub-listitem-show\" id=\"mediapub_1663\" data-index=\"4\"><h3 class=\"h5 cst-mediapub-post-title\">Turissem inclusiv en la Val Puschlav, matg 2024<\/h3><p>Sis clientas da l&#8217;instituziun Movimento Poschiavo \u00e8n protagonistas en videos da reclama, en ils quals ellas descrivan lur lieus preferids e lur particularitads da la Val Puschlav.<\/p><!--  --><a href=\"https:\/\/youtu.be\/viT_CbzXO44?si=45M3R4DHoddbJShk\" target=\"_blank\" aria-label=\"Per la contribuziun da medias \u2013 Turissem inclusiv en la Val Puschlav, matg 2024\" class=\"more-link\">Per la contribuziun da medias<\/a><\/div><div role=\"listitem\" class=\"cst-mediapub-listitem cst-mediapub-listitem-show\" id=\"mediapub_1655\" data-index=\"5\"><h3 class=\"h5 cst-mediapub-post-title\">\u00abQuai funcziuna gea schon\u00bb<\/h3><p>RTR, 22.05.2024: Tema central da l&#8217;inclusiun<\/p><!--  --><a href=\"https:\/\/www.rtr.ch\/novitads\/grischun\/surselva\/futur-inclusiun-quai-funcziuna-gea-schon\" target=\"_blank\" aria-label=\"Per la contribuziun da medias \u2013 \u00abQuai funcziuna gea schon\u00bb\" class=\"more-link\">Per la contribuziun da medias<\/a><\/div><div role=\"listitem\" class=\"cst-mediapub-listitem cst-mediapub-listitem-show\" id=\"mediapub_1659\" data-index=\"6\"><h3 class=\"h5 cst-mediapub-post-title\">Perspektivenwechsel<\/h3><p>Davoser Zeitung, 18-05-2024: Rapport davart la midada da perspectivas en il museum da la patria a Tavau<\/p><!--  --><a href=\"https:\/\/www.suedostschweiz.ch\/graubuenden\/nationale-aktionstage-behindertenrechte-perspektivenwechsel-im-heimatmuseum\" target=\"_blank\" aria-label=\"Per la contribuziun da medias \u2013 Perspektivenwechsel\" class=\"more-link\">Per la contribuziun da medias<\/a><\/div><div role=\"listitem\" class=\"cst-mediapub-listitem cst-mediapub-listitem-show\" id=\"mediapub_1658\" data-index=\"7\"><h3 class=\"h5 cst-mediapub-post-title\">Soziale Nachhaltigkeit<\/h3><p>B\u00dcWO dals 15-05-2024 referescha davart il tema futur inclusiun<\/p><!--  --><a href=\"https:\/\/epaper.somedia.ch\/issue.act?issueId=196629&amp;issueMutation=wzbw&amp;issueDate=20240515&amp;region=BZ\" target=\"_blank\" aria-label=\"Per la contribuziun da medias \u2013 Soziale Nachhaltigkeit\" class=\"more-link\">Per la contribuziun da medias<\/a><\/div><div role=\"listitem\" class=\"cst-mediapub-listitem \" id=\"mediapub_1603\" data-index=\"8\"><h3 class=\"h5 cst-mediapub-post-title\">Turismo Inclusivo<\/h3><p>RSI rapporta sur dil project &#8220;Turissem Inclusivo&#8221; dalla Val Puschlav.<\/p><!--  --><a href=\"https:\/\/www.rsi.ch\/play\/tv\/-\/video\/-?urn=urn:rsi:video:2146600\" target=\"_blank\" aria-label=\"Per la contribuziun da medias \u2013 Turismo Inclusivo\" class=\"more-link\">Per la contribuziun da medias<\/a><\/div><div role=\"listitem\" class=\"cst-mediapub-listitem \" id=\"mediapub_1600\" data-index=\"9\"><h3 class=\"h5 cst-mediapub-post-title\">Newsletter 06 | CRPD en il Grischun, 08.05.2024<\/h3><p>Infurmaziun davart il program dals dis d&#8217; acziun dretgs da persunas cun impediments 2024.<\/p><!--  --><a href=\"https:\/\/us18.campaign-archive.com\/?e=[UNIQID]&amp;u=ad2106462a9468b435a867a48&amp;id=ba3f6b6316\" target=\"_blank\" aria-label=\"Per la contribuziun da medias \u2013 Newsletter 06 | CRPD en il Grischun, 08.05.2024\" class=\"more-link\">Per la contribuziun da medias<\/a><\/div><div role=\"listitem\" class=\"cst-mediapub-listitem \" id=\"mediapub_1568\" data-index=\"10\"><h3 class=\"h5 cst-mediapub-post-title\">Communicaziun a las medias dals 30-04-2024<\/h3><p>\u00abFutur inclusiun\u00bb en il Grischun \u2013 Persunas cun impediments en il focus als dis d&#8217;acziun dals dretgs da persunas cun impediments dals 15 da matg fin ils 15 da zercladur 2024.<\/p><!--  --><a href=\"https:\/\/www.gr.ch\/RM\/medias\/communicaziuns\/MMStaka\/2024\/Seiten\/2024043001.aspx\" target=\"_blank\" aria-label=\"Per la contribuziun da medias \u2013 Communicaziun a las medias dals 30-04-2024\" class=\"more-link\">Per la contribuziun da medias<\/a><\/div><div role=\"listitem\" class=\"cst-mediapub-listitem \" id=\"mediapub_638\" data-index=\"11\"><h3 class=\"h5 cst-mediapub-post-title\">Communicaziun a las medias dals 23-01-2024<\/h3><p>La Regenza rinforza ils dretgs da las persunas cun impediments: nov post spezialis\u00e0 e da coordinaziun per l&#8217;egualitad e per ils dretgs da las persunas cun impediments.<\/p><!--  --><a href=\"https:\/\/www.gr.ch\/RM\/medias\/communicaziuns\/MMStaka\/2024\/Seiten\/2024012301.aspx\" target=\"_blank\" aria-label=\"Per la contribuziun da medias \u2013 Communicaziun a las medias dals 23-01-2024\" class=\"more-link\">Per la contribuziun da medias<\/a><\/div><div role=\"listitem\" class=\"cst-mediapub-listitem \" id=\"mediapub_167\" data-index=\"12\"><h3 class=\"h5 cst-mediapub-post-title\">Communicaziun a las medias dals 12-09-2023<\/h3><p>Futur inclusiun \u2013 Il Grischun tschertga projects per ils Dis d&#8217;acziun per ils dretgs da las persunas cun impediments 2024<\/p><!--  --><a href=\"https:\/\/www.gr.ch\/RM\/medias\/communicaziuns\/MMStaka\/2023\/Seiten\/2023091201.aspx\" target=\"_blank\" aria-label=\"Per la contribuziun da medias \u2013 Communicaziun a las medias dals 12-09-2023\" class=\"more-link\">Per la contribuziun da medias<\/a><\/div><button class=\"cst-mediapub-list-more-button\"><span>Mussar ulteriuras contribuziuns a las medias<\/span><\/button><\/div>\n\n\n<h2 class=\"wp-block-heading\">Contacts per las medias<\/h2>\n\n\n\n<p>Susanna Gadient<br>Manadra da l&#8217;uffizi<br><a href=\"mailto:\" data-eml-encoded-attr=\"WVd0MGFXOXVjM1JoWjJVbE5EQnpiMkV1WjNJdVkyZz0=\"><span data-eml-encoded-html><label>(E-Mail)<\/label><var aria-hidden=\"true\" style=\"display:none\">WVd0MGFXOXVjM1JoWjJVbE5EQnpiMkV1WjNJdVkyZz0=<\/var><\/span><\/a><br>+41 81 257 26 54<\/p>\n\n\n\n<p>Uffizi dal servetsch social dal Grischun<br>Grabenstrasse 8<br>7000 Curia<\/p>\n","protected":false},"excerpt":{"rendered":"<p>Contribuziuns da las medias davart ils dis d&#8217;acziun Qua chattais Vus ina glista da contribuziuns da las medias davart ils dis d&#8217;acziun Dretgs da las persunas cun impediments 2024. Contacts per las medias Susanna GadientManadra da l&#8217;uffizi(E-Mail)WVd0MGFXOXVjM1JoWjJVbE5EQnpiMkV1WjNJdVkyZz0=+41 81 257 26 54 Uffizi dal servetsch social dal GrischunGrabenstrasse 87000 Curia<\/p>\n","protected":false},"author":1,"featured_media":0,"parent":0,"menu_order":8,"comment_status":"closed","ping_status":"closed","template":"page-templates\/media_page.php","meta":{"_acf_changed":false,"_genesis_hide_title":false,"_genesis_hide_breadcrumbs":false,"_genesis_hide_singular_image":false,"_genesis_hide_footer_widgets":false,"_genesis_custom_body_class":"","_genesis_custom_post_class":"","_genesis_layout":"","footnotes":""},"class_list":{"0":"post-99","1":"page","2":"type-page","3":"status-publish","5":"entry"},"acf":[],"_links":{"self":[{"href":"https:\/\/futur-inclusiun.prestage.ch\/gr\/wp-json\/wp\/v2\/pages\/99","targetHints":{"allow":["GET"]}}],"collection":[{"href":"https:\/\/futur-inclusiun.prestage.ch\/gr\/wp-json\/wp\/v2\/pages"}],"about":[{"href":"https:\/\/futur-inclusiun.prestage.ch\/gr\/wp-json\/wp\/v2\/types\/page"}],"author":[{"embeddable":true,"href":"https:\/\/futur-inclusiun.prestage.ch\/gr\/wp-json\/wp\/v2\/users\/1"}],"replies":[{"embeddable":true,"href":"https:\/\/futur-inclusiun.prestage.ch\/gr\/wp-json\/wp\/v2\/comments?post=99"}],"version-history":[{"count":5,"href":"https:\/\/futur-inclusiun.prestage.ch\/gr\/wp-json\/wp\/v2\/pages\/99\/revisions"}],"predecessor-version":[{"id":1241,"href":"https:\/\/futur-inclusiun.prestage.ch\/gr\/wp-json\/wp\/v2\/pages\/99\/revisions\/1241"}],"wp:attachment":[{"href":"https:\/\/futur-inclusiun.prestage.ch\/gr\/wp-json\/wp\/v2\/media?parent=99"}],"curies":[{"name":"wp","href":"https:\/\/api.w.org\/{rel}","templated":true}]}}